{"id":1725,"date":"2025-08-08T14:38:10","date_gmt":"2025-08-08T12:38:10","guid":{"rendered":"https:\/\/majorkinella.ch\/?page_id=1725"},"modified":"2025-09-21T22:41:12","modified_gmt":"2025-09-21T20:41:12","slug":"a-propos","status":"publish","type":"page","link":"https:\/\/majorkinella.ch\/es\/a-propos\/","title":{"rendered":"fundadora"},"content":{"rendered":"\t\t<div data-elementor-type=\"wp-page\" data-elementor-id=\"1725\" class=\"elementor elementor-1725\" data-elementor-post-type=\"page\">\n\t\t\t\t<div class=\"elementor-element elementor-element-469a1e1 e-con-full e-flex sc_layouts_column_icons_position_left e-con e-child\" data-id=\"469a1e1\" data-element_type=\"container\" data-e-type=\"container\" data-settings=\"{&quot;jet_parallax_layout_list&quot;:[]}\">\n\t\t\t\t<div class=\"elementor-element elementor-element-cde50e1 elementor-position-inline-start elementor-mobile-position-inline-start elementor-hidden-mobile elementor-view-default sc_fly_static elementor-widget elementor-widget-icon-box\" data-id=\"cde50e1\" data-element_type=\"widget\" data-e-type=\"widget\" data-widget_type=\"icon-box.default\">\n\t\t\t\t<div class=\"elementor-widget-container\">\n\t\t\t\t\t\t\t<div class=\"elementor-icon-box-wrapper\">\n\n\t\t\t\t\t\t<div class=\"elementor-icon-box-icon\">\n\t\t\t\t<span  class=\"elementor-icon\">\n\t\t\t\t<svg aria-hidden=\"true\" class=\"e-font-icon-svg e-fas-circle\" viewBox=\"0 0 512 512\" xmlns=\"http:\/\/www.w3.org\/2000\/svg\"><path d=\"M256 8C119 8 8 119 8 256s111 248 248 248 248-111 248-248S393 8 256 8z\"><\/path><\/svg>\t\t\t\t<\/span>\n\t\t\t<\/div>\n\t\t\t\n\t\t\t\n\t\t<\/div>\n\t\t\t\t\t\t<\/div>\n\t\t\t\t<\/div>\n\t\t\t\t<div class=\"elementor-element elementor-element-dd50bea elementor-widget-divider--view-line sc_fly_static elementor-widget elementor-widget-divider\" data-id=\"dd50bea\" data-element_type=\"widget\" data-e-type=\"widget\" data-widget_type=\"divider.default\">\n\t\t\t\t<div class=\"elementor-widget-container\">\n\t\t\t\t\t\t\t<div class=\"elementor-divider\">\n\t\t\t<span class=\"elementor-divider-separator\">\n\t\t\t\t\t\t<\/span>\n\t\t<\/div>\n\t\t\t\t\t\t<\/div>\n\t\t\t\t<\/div>\n\t\t\t\t<div class=\"elementor-element elementor-element-8fa4f73 elementor-position-inline-start elementor-mobile-position-inline-start elementor-hidden-mobile elementor-view-default sc_fly_static elementor-widget elementor-widget-icon-box\" data-id=\"8fa4f73\" data-element_type=\"widget\" data-e-type=\"widget\" data-widget_type=\"icon-box.default\">\n\t\t\t\t<div class=\"elementor-widget-container\">\n\t\t\t\t\t\t\t<div class=\"elementor-icon-box-wrapper\">\n\n\t\t\t\t\t\t<div class=\"elementor-icon-box-icon\">\n\t\t\t\t<span  class=\"elementor-icon\">\n\t\t\t\t<svg aria-hidden=\"true\" class=\"e-font-icon-svg e-fas-circle\" viewBox=\"0 0 512 512\" xmlns=\"http:\/\/www.w3.org\/2000\/svg\"><path d=\"M256 8C119 8 8 119 8 256s111 248 248 248 248-111 248-248S393 8 256 8z\"><\/path><\/svg>\t\t\t\t<\/span>\n\t\t\t<\/div>\n\t\t\t\n\t\t\t\n\t\t<\/div>\n\t\t\t\t\t\t<\/div>\n\t\t\t\t<\/div>\n\t\t\t\t<\/div>\n\t\t<div class=\"elementor-element elementor-element-0488fcb e-flex e-con-boxed sc_layouts_column_icons_position_left e-con e-parent\" data-id=\"0488fcb\" data-element_type=\"container\" data-e-type=\"container\" data-settings=\"{&quot;jet_parallax_layout_list&quot;:[]}\">\n\t\t\t\t\t<div class=\"e-con-inner\">\n\t\t<div class=\"elementor-element elementor-element-2ae1f39 e-con-full e-flex sc_layouts_column_icons_position_left e-con e-child\" data-id=\"2ae1f39\" data-element_type=\"container\" data-e-type=\"container\" data-settings=\"{&quot;jet_parallax_layout_list&quot;:[],&quot;motion_fx_motion_fx_scrolling&quot;:&quot;yes&quot;,&quot;motion_fx_opacity_effect&quot;:&quot;yes&quot;,&quot;motion_fx_opacity_direction&quot;:&quot;in-out&quot;,&quot;motion_fx_opacity_range&quot;:{&quot;unit&quot;:&quot;%&quot;,&quot;size&quot;:&quot;&quot;,&quot;sizes&quot;:{&quot;start&quot;:55,&quot;end&quot;:65}},&quot;motion_fx_opacity_level&quot;:{&quot;unit&quot;:&quot;px&quot;,&quot;size&quot;:10,&quot;sizes&quot;:[]},&quot;motion_fx_devices&quot;:[&quot;desktop&quot;,&quot;tablet&quot;,&quot;mobile&quot;]}\">\n\t\t<div class=\"elementor-element elementor-element-d4dffbf e-con-full e-flex sc_layouts_column_icons_position_left e-con e-child\" data-id=\"d4dffbf\" data-element_type=\"container\" data-e-type=\"container\" data-settings=\"{&quot;jet_parallax_layout_list&quot;:[]}\">\n\t\t<div class=\"elementor-element elementor-element-0342aff e-con-full e-flex sc_layouts_column_icons_position_left e-con e-child\" data-id=\"0342aff\" data-element_type=\"container\" data-e-type=\"container\" data-settings=\"{&quot;jet_parallax_layout_list&quot;:[]}\">\n\t\t\t\t<div data-animation-type=\"block\" class=\"elementor-element elementor-element-58ba611 animation_type_block sc_fly_static elementor-invisible elementor-widget elementor-widget-heading\" data-id=\"58ba611\" data-element_type=\"widget\" data-e-type=\"widget\" data-settings=\"{&quot;_animation&quot;:&quot;ta_fadeinup&quot;}\" data-widget_type=\"heading.default\">\n\t\t\t\t<div class=\"elementor-widget-container\">\n\t\t\t\t\t<p class=\"elementor-heading-title elementor-size-default\">Hommage aux habitants de l'ile...<\/p>\t\t\t\t<\/div>\n\t\t\t\t<\/div>\n\t\t\t\t<div data-animation-type=\"block\" class=\"elementor-element elementor-element-244b2af animation_type_block sc_fly_static elementor-invisible elementor-widget elementor-widget-heading\" data-id=\"244b2af\" data-element_type=\"widget\" data-e-type=\"widget\" data-settings=\"{&quot;_animation&quot;:&quot;ta_fadeinup&quot;,&quot;_animation_delay&quot;:50}\" data-widget_type=\"heading.default\">\n\t\t\t\t<div class=\"elementor-widget-container\">\n\t\t\t\t\t<h2 class=\"elementor-heading-title elementor-size-default\">A l'origine de <\/br><span style=\"text-transform: none;font-size:48px\"> Majorkinella <\/span><\/h2>\t\t\t\t<\/div>\n\t\t\t\t<\/div>\n\t\t<div class=\"elementor-element elementor-element-9c6f23c e-con-full e-flex sc_layouts_column_icons_position_left e-con e-child\" data-id=\"9c6f23c\" data-element_type=\"container\" data-e-type=\"container\" data-settings=\"{&quot;jet_parallax_layout_list&quot;:[]}\">\n\t\t\t\t<div class=\"elementor-element elementor-element-bcd5ec0 sc_fly_static elementor-widget elementor-widget-text-editor\" data-id=\"bcd5ec0\" data-element_type=\"widget\" data-e-type=\"widget\" data-widget_type=\"text-editor.default\">\n\t\t\t\t<div class=\"elementor-widget-container\">\n\t\t\t\t\t\t\t\t\t<p>J\u2019aime cette \u00eele et je suis certaine que vous l&rsquo;aimez et que vous l\u2019aimerez si vous ne la connaissez pas encore ! <br \/>Il est temps de se r\u00e9veiller et de prot\u00e9ger cette \u00eele. <br \/>Je vous fais voyager dans l&rsquo;authentique et nous pr\u00e9serverons ensemble ce tr\u00e9sor.\u00a0<\/p>\t\t\t\t\t\t\t\t<\/div>\n\t\t\t\t<\/div>\n\t\t\t\t<\/div>\n\t\t\t\t<div class=\"elementor-element elementor-element-c45323c elementor-align-left elementor-mobile-align-left sc_fly_static elementor-widget elementor-widget-button\" data-id=\"c45323c\" data-element_type=\"widget\" data-e-type=\"widget\" data-widget_type=\"button.default\">\n\t\t\t\t<div class=\"elementor-widget-container\">\n\t\t\t\t\t\t\t\t\t<div class=\"elementor-button-wrapper\">\n\t\t\t\t\t<a class=\"elementor-button elementor-button-link elementor-size-sm\" href=\"https:\/\/majorkinella.ch\/contact\/\">\n\t\t\t\t\t\t<span class=\"elementor-button-content-wrapper\">\n\t\t\t\t\t\t\t\t\t<span class=\"elementor-button-text\">Prendre contact<\/span>\n\t\t\t\t\t<\/span>\n\t\t\t\t\t<\/a>\n\t\t\t\t<\/div>\n\t\t\t\t\t\t\t\t<\/div>\n\t\t\t\t<\/div>\n\t\t\t\t<\/div>\n\t\t\t\t<\/div>\n\t\t<div class=\"elementor-element elementor-element-6e69be2 e-con-full e-flex sc_layouts_column_icons_position_left e-con e-child\" data-id=\"6e69be2\" data-element_type=\"container\" data-e-type=\"container\" data-settings=\"{&quot;jet_parallax_layout_list&quot;:[]}\">\n\t\t\t\t<div data-animation-type=\"block\" class=\"elementor-element elementor-element-919bf67 trx-addons-tm-image-top animation_type_block sc_fly_static elementor-invisible elementor-widget elementor-widget-trx_elm_team_member\" data-id=\"919bf67\" data-element_type=\"widget\" data-e-type=\"widget\" data-settings=\"{&quot;_animation&quot;:&quot;ta_fadeinup&quot;,&quot;_animation_delay&quot;:250,&quot;member_image_position&quot;:&quot;top&quot;}\" data-widget_type=\"trx_elm_team_member.default\">\n\t\t\t\t<div class=\"elementor-widget-container\">\n\t\t\t\t\t\t\t<div class=\"trx-addons-tm-wrapper\">\n\t\t\t<div class=\"trx-addons-tm\">\n\t\t\t\t<div class=\"trx-addons-tm-image\"> \n\t\t\t\t\t<img fetchpriority=\"high\" decoding=\"async\" width=\"600\" height=\"879\" src=\"https:\/\/majorkinella.ch\/wp-content\/uploads\/2025\/07\/Delphine_Comte.webp\" class=\"attachment-full size-full wp-image-394\" alt=\"\" srcset=\"https:\/\/majorkinella.ch\/wp-content\/uploads\/2025\/07\/Delphine_Comte.webp 600w, https:\/\/majorkinella.ch\/wp-content\/uploads\/2025\/07\/Delphine_Comte-205x300.webp 205w, https:\/\/majorkinella.ch\/wp-content\/uploads\/2025\/07\/Delphine_Comte-370x542.webp 370w, https:\/\/majorkinella.ch\/wp-content\/uploads\/2025\/07\/Delphine_Comte-410x601.webp 410w\" sizes=\"(max-width: 767px) 100vw, 600px\" \/>\n\t\t\t\t\t\t\t\t\t<\/div>\n\t\t\t\t<div class=\"trx-addons-tm-content\">\n\t\t\t\t\t\t\t\t\t<h3 class=\"trx-addons-tm-name\">\n\t\t\t\t\t\tDelphine Comte\t\t\t\t<\/h3>\n\t\t\t\t\t\t\t<p class=\"trx-addons-tm-position\">\n\t\t\t\tFondatrice et amoureuse de Majorque\t\t\t<\/p>\n\t\t\t\t\t\t\t<\/div>\n\t\t\t<\/div>\n\t\t<\/div>\n\t\t\t\t\t\t<\/div>\n\t\t\t\t<\/div>\n\t\t\t\t<div class=\"elementor-element elementor-element-2254dbb sc_fly_static elementor-widget elementor-widget-html\" data-id=\"2254dbb\" data-element_type=\"widget\" data-e-type=\"widget\" data-widget_type=\"html.default\">\n\t\t\t\t<div class=\"elementor-widget-container\">\n\t\t\t\t\t<style>\n    div#trp-floater-ls{\n    background-color: #fbfcee!important;\n    margin-left: -30px!important;\n    border:1px black solid;\n    box-shadow: none!important;\n    }\n @media (max-width: 768px) {  .shad img{ \n    box-shadow: -11px -16px 46px 0px rgba(0, 0, 0, 0.25);\n    }\n }\n<\/style>\t\t\t\t<\/div>\n\t\t\t\t<\/div>\n\t\t\t\t<\/div>\n\t\t\t\t<\/div>\n\t\t<div class=\"e-con-gap-no elementor-element elementor-element-2975353 e-con-full e-flex sc_layouts_column_icons_position_left e-con e-child\" data-id=\"2975353\" data-element_type=\"container\" data-e-type=\"container\" data-settings=\"{&quot;jet_parallax_layout_list&quot;:[]}\">\n\t\t<div class=\"elementor-element elementor-element-d571e5b e-con-full e-flex sc_layouts_column_icons_position_left e-con e-child\" data-id=\"d571e5b\" data-element_type=\"container\" data-e-type=\"container\" data-settings=\"{&quot;jet_parallax_layout_list&quot;:[]}\">\n\t\t\t\t<div data-animation-type=\"block\" class=\"elementor-element elementor-element-fc64b20 elementor-widget__width-inherit animated-slow animation_type_block sc_fly_static elementor-invisible elementor-widget elementor-widget-image\" data-id=\"fc64b20\" data-element_type=\"widget\" data-e-type=\"widget\" data-settings=\"{&quot;_animation&quot;:&quot;ta_fadeinup&quot;,&quot;_animation_delay&quot;:400}\" data-widget_type=\"image.default\">\n\t\t\t\t<div class=\"elementor-widget-container\">\n\t\t\t\t\t\t\t\t\t\t\t\t\t\t\t<img decoding=\"async\" width=\"600\" height=\"900\" src=\"https:\/\/majorkinella.ch\/wp-content\/uploads\/2025\/08\/1000078532.webp\" class=\"attachment-large size-large wp-image-1199\" alt=\"\" srcset=\"https:\/\/majorkinella.ch\/wp-content\/uploads\/2025\/08\/1000078532.webp 600w, https:\/\/majorkinella.ch\/wp-content\/uploads\/2025\/08\/1000078532-200x300.webp 200w, https:\/\/majorkinella.ch\/wp-content\/uploads\/2025\/08\/1000078532-8x12.webp 8w, https:\/\/majorkinella.ch\/wp-content\/uploads\/2025\/08\/1000078532-370x555.webp 370w, https:\/\/majorkinella.ch\/wp-content\/uploads\/2025\/08\/1000078532-410x615.webp 410w\" sizes=\"(max-width: 767px) 100vw, 600px\" \/>\t\t\t\t\t\t\t\t\t\t\t\t\t\t\t<\/div>\n\t\t\t\t<\/div>\n\t\t\t\t<\/div>\n\t\t<div class=\"e-con-gap-no elementor-element elementor-element-bdf3852 e-con-full e-flex sc_layouts_column_icons_position_left e-con e-child\" data-id=\"bdf3852\" data-element_type=\"container\" data-e-type=\"container\" data-settings=\"{&quot;jet_parallax_layout_list&quot;:[]}\">\n\t\t<div class=\"elementor-element elementor-element-05a58e8 e-con-full e-flex sc_layouts_column_icons_position_left e-con e-child\" data-id=\"05a58e8\" data-element_type=\"container\" data-e-type=\"container\" data-settings=\"{&quot;jet_parallax_layout_list&quot;:[]}\">\n\t\t\t\t<div data-animation-type=\"char\" data-animation-stagger=\"40\" class=\"elementor-element elementor-element-5aa35bc animation_type_char sc_fly_static elementor-invisible elementor-widget elementor-widget-heading\" data-id=\"5aa35bc\" data-element_type=\"widget\" data-e-type=\"widget\" data-settings=\"{&quot;_animation&quot;:&quot;ta_fadeinup&quot;,&quot;_animation_delay&quot;:50}\" data-widget_type=\"heading.default\">\n\t\t\t\t<div class=\"elementor-widget-container\">\n\t\t\t\t\t<p class=\"elementor-heading-title elementor-size-default\">Remerciements<\/p>\t\t\t\t<\/div>\n\t\t\t\t<\/div>\n\t\t\t\t<div data-animation-type=\"block\" class=\"elementor-element elementor-element-01e8f2b animated-slow animation_type_block sc_fly_static elementor-invisible elementor-widget elementor-widget-heading\" data-id=\"01e8f2b\" data-element_type=\"widget\" data-e-type=\"widget\" data-settings=\"{&quot;_animation&quot;:&quot;ta_fadeinup&quot;}\" data-widget_type=\"heading.default\">\n\t\t\t\t<div class=\"elementor-widget-container\">\n\t\t\t\t\t<p class=\"elementor-heading-title elementor-size-default\">Remerciements du fond du c\u0153ur \u00e0 Maria Ant\u00f2nia, Araceli et Javier de Can Ribas pour leur accueil et leur g\u00e9n\u00e9rosit\u00e9 pendant toutes ces ann\u00e9es.\nJe souhaite \u00e9galement remercier la bodega Ribas pour le partage de sa passion et de son histoire. <\/p>\t\t\t\t<\/div>\n\t\t\t\t<\/div>\n\t\t\t\t<div data-animation-type=\"block\" class=\"elementor-element elementor-element-ac691c3 animated-slow animation_type_block sc_fly_static elementor-invisible elementor-widget elementor-widget-heading\" data-id=\"ac691c3\" data-element_type=\"widget\" data-e-type=\"widget\" data-settings=\"{&quot;_animation&quot;:&quot;ta_fadeinup&quot;}\" data-widget_type=\"heading.default\">\n\t\t\t\t<div class=\"elementor-widget-container\">\n\t\t\t\t\t<p class=\"elementor-heading-title elementor-size-default\">Merci \u00e0 Jaime pour ces magnifiques images.\nLes jours de tournage \u00e9taient intenses.\nJaime, tu es un passionn\u00e9, grand merci\u00a0pour\u00a0tout!<\/p>\t\t\t\t<\/div>\n\t\t\t\t<\/div>\n\t\t\t\t<div data-animation-type=\"block\" class=\"elementor-element elementor-element-ba5969c animated-slow animation_type_block sc_fly_static elementor-invisible elementor-widget elementor-widget-text-editor\" data-id=\"ba5969c\" data-element_type=\"widget\" data-e-type=\"widget\" data-settings=\"{&quot;_animation&quot;:&quot;ta_fadeinup&quot;}\" data-widget_type=\"text-editor.default\">\n\t\t\t\t<div class=\"elementor-widget-container\">\n\t\t\t\t\t\t\t\t\t<p>Merci \u00e0 <a href=\"https:\/\/e-medias.ch\/\" target=\"_blank\" rel=\"noopener\">l&rsquo;agence e-Medias<\/a> pour son \u00e9coute et son professionnalisme. <br \/>Bon travail d&rsquo;\u00e9quipe !<\/p>\t\t\t\t\t\t\t\t<\/div>\n\t\t\t\t<\/div>\n\t\t\t\t<\/div>\n\t\t\t\t<\/div>\n\t\t\t\t<\/div>\n\t\t\t\t\t<\/div>\n\t\t\t\t<\/div>\n\t\t<div class=\"e-con-with-custom-width elementor-element elementor-element-0118b47 e-con-full e-flex sc_layouts_column_icons_position_left animation_type_block elementor-invisible e-con e-parent\" data-animation-type=\"block\" data-id=\"0118b47\" data-element_type=\"container\" data-e-type=\"container\" data-settings=\"{&quot;background_background&quot;:&quot;classic&quot;,&quot;position&quot;:&quot;fixed&quot;,&quot;animation&quot;:&quot;ta_fadeinright&quot;,&quot;animation_delay&quot;:2000,&quot;jet_parallax_layout_list&quot;:[]}\">\n\t\t\t\t<div class=\"elementor-element elementor-element-eb80403 elementor-align-left sc_fly_static elementor-widget elementor-widget-button\" data-id=\"eb80403\" data-element_type=\"widget\" data-e-type=\"widget\" data-widget_type=\"button.default\">\n\t\t\t\t<div class=\"elementor-widget-container\">\n\t\t\t\t\t\t\t\t\t<div class=\"elementor-button-wrapper\">\n\t\t\t\t\t<a class=\"elementor-button elementor-button-link elementor-size-sm\" href=\"https:\/\/majorkinella.ch\/\">\n\t\t\t\t\t\t<span class=\"elementor-button-content-wrapper\">\n\t\t\t\t\t\t\t\t\t<span class=\"elementor-button-text\">Accueil<\/span>\n\t\t\t\t\t<\/span>\n\t\t\t\t\t<\/a>\n\t\t\t\t<\/div>\n\t\t\t\t\t\t\t\t<\/div>\n\t\t\t\t<\/div>\n\t\t\t\t<div class=\"elementor-element elementor-element-024ba28 elementor-align-left sc_fly_static elementor-widget elementor-widget-button\" data-id=\"024ba28\" data-element_type=\"widget\" data-e-type=\"widget\" data-widget_type=\"button.default\">\n\t\t\t\t<div class=\"elementor-widget-container\">\n\t\t\t\t\t\t\t\t\t<div class=\"elementor-button-wrapper\">\n\t\t\t\t\t<a class=\"elementor-button elementor-button-link elementor-size-sm\" href=\"https:\/\/majorkinella.ch\/#concept\">\n\t\t\t\t\t\t<span class=\"elementor-button-content-wrapper\">\n\t\t\t\t\t\t\t\t\t<span class=\"elementor-button-text\">Le concept<\/span>\n\t\t\t\t\t<\/span>\n\t\t\t\t\t<\/a>\n\t\t\t\t<\/div>\n\t\t\t\t\t\t\t\t<\/div>\n\t\t\t\t<\/div>\n\t\t\t\t<div class=\"elementor-element elementor-element-a4c10f2 elementor-align-left sc_fly_static elementor-widget elementor-widget-button\" data-id=\"a4c10f2\" data-element_type=\"widget\" data-e-type=\"widget\" data-widget_type=\"button.default\">\n\t\t\t\t<div class=\"elementor-widget-container\">\n\t\t\t\t\t\t\t\t\t<div class=\"elementor-button-wrapper\">\n\t\t\t\t\t<a class=\"elementor-button elementor-button-link elementor-size-sm\" href=\"https:\/\/majorkinella.ch\/a-propos\/\">\n\t\t\t\t\t\t<span class=\"elementor-button-content-wrapper\">\n\t\t\t\t\t\t\t\t\t<span class=\"elementor-button-text\">A propos<\/span>\n\t\t\t\t\t<\/span>\n\t\t\t\t\t<\/a>\n\t\t\t\t<\/div>\n\t\t\t\t\t\t\t\t<\/div>\n\t\t\t\t<\/div>\n\t\t\t\t<div class=\"elementor-element elementor-element-ba3ade3 elementor-align-left sc_fly_static elementor-widget elementor-widget-button\" data-id=\"ba3ade3\" data-element_type=\"widget\" data-e-type=\"widget\" data-widget_type=\"button.default\">\n\t\t\t\t<div class=\"elementor-widget-container\">\n\t\t\t\t\t\t\t\t\t<div class=\"elementor-button-wrapper\">\n\t\t\t\t\t<a class=\"elementor-button elementor-button-link elementor-size-sm\" href=\"https:\/\/majorkinella.ch\/contact\/\">\n\t\t\t\t\t\t<span class=\"elementor-button-content-wrapper\">\n\t\t\t\t\t\t<span class=\"elementor-button-icon\">\n\t\t\t\t<svg aria-hidden=\"true\" class=\"e-font-icon-svg e-far-envelope\" viewBox=\"0 0 512 512\" xmlns=\"http:\/\/www.w3.org\/2000\/svg\"><path d=\"M464 64H48C21.49 64 0 85.49 0 112v288c0 26.51 21.49 48 48 48h416c26.51 0 48-21.49 48-48V112c0-26.51-21.49-48-48-48zm0 48v40.805c-22.422 18.259-58.168 46.651-134.587 106.49-16.841 13.247-50.201 45.072-73.413 44.701-23.208.375-56.579-31.459-73.413-44.701C106.18 199.465 70.425 171.067 48 152.805V112h416zM48 400V214.398c22.914 18.251 55.409 43.862 104.938 82.646 21.857 17.205 60.134 55.186 103.062 54.955 42.717.231 80.509-37.199 103.053-54.947 49.528-38.783 82.032-64.401 104.947-82.653V400H48z\"><\/path><\/svg>\t\t\t<\/span>\n\t\t\t\t\t\t\t\t\t<span class=\"elementor-button-text\">Contact<\/span>\n\t\t\t\t\t<\/span>\n\t\t\t\t\t<\/a>\n\t\t\t\t<\/div>\n\t\t\t\t\t\t\t\t<\/div>\n\t\t\t\t<\/div>\n\t\t\t\t<\/div>\n\t\t\t\t<\/div>\n\t\t","protected":false},"excerpt":{"rendered":"<p>Hommage aux habitants de l&rsquo;ile&#8230; A l&rsquo;origine de Majorkinella J\u2019aime cette \u00eele et je suis&hellip;<\/p>","protected":false},"author":1,"featured_media":0,"parent":0,"menu_order":0,"comment_status":"closed","ping_status":"closed","template":"elementor_canvas","meta":{"footnotes":""},"class_list":["post-1725","page","type-page","status-publish","hentry"],"_links":{"self":[{"href":"https:\/\/majorkinella.ch\/es\/wp-json\/wp\/v2\/pages\/1725","targetHints":{"allow":["GET"]}}],"collection":[{"href":"https:\/\/majorkinella.ch\/es\/wp-json\/wp\/v2\/pages"}],"about":[{"href":"https:\/\/majorkinella.ch\/es\/wp-json\/wp\/v2\/types\/page"}],"author":[{"embeddable":true,"href":"https:\/\/majorkinella.ch\/es\/wp-json\/wp\/v2\/users\/1"}],"replies":[{"embeddable":true,"href":"https:\/\/majorkinella.ch\/es\/wp-json\/wp\/v2\/comments?post=1725"}],"version-history":[{"count":28,"href":"https:\/\/majorkinella.ch\/es\/wp-json\/wp\/v2\/pages\/1725\/revisions"}],"predecessor-version":[{"id":2063,"href":"https:\/\/majorkinella.ch\/es\/wp-json\/wp\/v2\/pages\/1725\/revisions\/2063"}],"wp:attachment":[{"href":"https:\/\/majorkinella.ch\/es\/wp-json\/wp\/v2\/media?parent=1725"}],"curies":[{"name":"wp","href":"https:\/\/api.w.org\/{rel}","templated":true}]}}