{"id":1773,"date":"2025-08-08T15:12:31","date_gmt":"2025-08-08T13:12:31","guid":{"rendered":"https:\/\/majorkinella.ch\/?page_id=1773"},"modified":"2025-10-14T09:27:34","modified_gmt":"2025-10-14T07:27:34","slug":"mentions-legales","status":"publish","type":"page","link":"https:\/\/majorkinella.ch\/es\/mentions-legales\/","title":{"rendered":"Aviso legal"},"content":{"rendered":"<div data-elementor-type=\"wp-page\" data-elementor-id=\"1773\" class=\"elementor elementor-1773\" data-elementor-post-type=\"page\">\n\t\t\t\t<div class=\"elementor-element elementor-element-be2586d e-flex e-con-boxed sc_layouts_column_icons_position_left e-con e-parent\" data-id=\"be2586d\" data-element_type=\"container\" data-e-type=\"container\" data-settings=\"{&quot;jet_parallax_layout_list&quot;:[]}\">\n\t\t\t\t\t<div class=\"e-con-inner\">\n\t\t\t\t<div class=\"elementor-element elementor-element-4c16d0a sc_fly_static elementor-widget elementor-widget-heading\" data-id=\"4c16d0a\" data-element_type=\"widget\" data-e-type=\"widget\" data-widget_type=\"heading.default\">\n\t\t\t\t<div class=\"elementor-widget-container\">\n\t\t\t\t\t<h2 class=\"elementor-heading-title elementor-size-default\">Aviso legal<\/h2>\t\t\t\t<\/div>\n\t\t\t\t<\/div>\n\t\t\t\t<div class=\"elementor-element elementor-element-30cff4e4 sc_fly_static elementor-widget elementor-widget-text-editor\" data-id=\"30cff4e4\" data-element_type=\"widget\" data-e-type=\"widget\" data-widget_type=\"text-editor.default\">\n\t\t\t\t<div class=\"elementor-widget-container\">\n\t\t\t\t\t\t\t\t\t<p>Esta versi\u00f3n entrar\u00e1 en vigor a partir del 08.08.2025.<\/p><p><strong>Persona de contacto:<br \/><\/strong>Delphine Comte<\/p><p><!-- \/wp:paragraph --><!-- wp:paragraph --><!-- \/wp:paragraph --><!-- wp:paragraph --><\/p><p><strong>Correo electronico\u00a0<\/strong>: info@majorkinella.ch<\/p><p><!-- \/wp:paragraph --><!-- wp:paragraph --><\/p><p><!-- \/wp:paragraph --><!-- wp:paragraph --><\/p><h3 data-start=\"177\" data-end=\"226\">Propiedad intelectual<\/h3><p data-start=\"228\" data-end=\"704\">Todos los contenidos (textos, im\u00e1genes, creaciones gr\u00e1ficas, logotipo de Majorkinella) son propiedad exclusiva de <strong data-start=\"361\" data-end=\"377\">Majorkinella, <\/strong>a excepci\u00f3n de los contenidos relativos a las fundaciones (v\u00e9ase m\u00e1s abajo).<br data-start=\"378\" data-end=\"381\" \/>Queda terminantemente prohibida cualquier reproducci\u00f3n, modificaci\u00f3n, difusi\u00f3n o utilizaci\u00f3n, parcial o total, sin la autorizaci\u00f3n previa por escrito de Majorkinella.<br data-start=\"541\" data-end=\"544\" \/>Cualquier infracci\u00f3n podr\u00e1 dar lugar a acciones legales de conformidad con las disposiciones legales vigentes en materia de protecci\u00f3n de la propiedad intelectual.<\/p><h3 data-start=\"147\" data-end=\"188\">Proteccion de datos personales<\/h3><p data-start=\"190\" data-end=\"497\">La informaci\u00f3n recopilada en el marco de una toma de contacto con <strong data-start=\"261\" data-end=\"277\">Majorkinella<\/strong> se utilizan exclusivamente para responder a la solicitud formulada.<br data-start=\"346\" data-end=\"349\" \/>En ning\u00fan caso se transmiten, ceden ni utilizan para fines distintos a los relacionados con la comunicaci\u00f3n directa con la persona interesada.<\/p><h3 data-start=\"190\" data-end=\"497\">Uso de logotipos, nombres e imagenes de las fundaciones<\/h3><p>Los logotipos, nombres e im\u00e1genes de las fundaciones siguen siendo de su propiedad exclusiva. Su presencia en Majorkinella tiene \u00fanicamente el prop\u00f3sito de visibilizar la colaboraci\u00f3n y ofrecer a los visitantes un acceso directo a un espacio de donaciones que se canalizan directamente hacia las fundaciones correspondientes.<\/p><p><!-- \/wp:paragraph --><\/p>\t\t\t\t\t\t\t\t<\/div>\n\t\t\t\t<\/div>\n\t\t\t\t<div class=\"elementor-element elementor-element-952b9fd sc_fly_static elementor-widget elementor-widget-html\" data-id=\"952b9fd\" data-element_type=\"widget\" data-e-type=\"widget\" data-widget_type=\"html.default\">\n\t\t\t\t<div class=\"elementor-widget-container\">\n\t\t\t\t\t<style>\n    div#trp-floater-ls{\n    background-color: #fbfcee!important;\n    margin-left: -30px!important;\n    border:1px black solid;\n    box-shadow: none!important;\n    }\n @media (max-width: 768px) {  .shad img{ \n    box-shadow: -11px -16px 46px 0px rgba(0, 0, 0, 0.25);\n    }\n }\n<\/style>\t\t\t\t<\/div>\n\t\t\t\t<\/div>\n\t\t\t\t\t<\/div>\n\t\t\t\t<\/div>\n\t\t<div class=\"e-con-with-custom-width elementor-element elementor-element-15387cb e-con-full e-flex sc_layouts_column_icons_position_left animation_type_block elementor-invisible e-con e-parent\" data-animation-type=\"block\" data-id=\"15387cb\" data-element_type=\"container\" data-e-type=\"container\" data-settings=\"{&quot;background_background&quot;:&quot;classic&quot;,&quot;position&quot;:&quot;fixed&quot;,&quot;animation&quot;:&quot;ta_fadeinright&quot;,&quot;animation_delay&quot;:2000,&quot;jet_parallax_layout_list&quot;:[]}\">\n\t\t\t\t<div class=\"elementor-element elementor-element-775bcd9 elementor-align-left sc_fly_static elementor-widget elementor-widget-button\" data-id=\"775bcd9\" data-element_type=\"widget\" data-e-type=\"widget\" data-widget_type=\"button.default\">\n\t\t\t\t<div class=\"elementor-widget-container\">\n\t\t\t\t\t\t\t\t\t<div class=\"elementor-button-wrapper\">\n\t\t\t\t\t<a class=\"elementor-button elementor-button-link elementor-size-sm\" href=\"https:\/\/majorkinella.ch\/es\/\">\n\t\t\t\t\t\t<span class=\"elementor-button-content-wrapper\">\n\t\t\t\t\t\t\t\t\t<span class=\"elementor-button-text\">Inicio<\/span>\n\t\t\t\t\t<\/span>\n\t\t\t\t\t<\/a>\n\t\t\t\t<\/div>\n\t\t\t\t\t\t\t\t<\/div>\n\t\t\t\t<\/div>\n\t\t\t\t<div class=\"elementor-element elementor-element-d2c1376 elementor-align-left sc_fly_static elementor-widget elementor-widget-button\" data-id=\"d2c1376\" data-element_type=\"widget\" data-e-type=\"widget\" data-widget_type=\"button.default\">\n\t\t\t\t<div class=\"elementor-widget-container\">\n\t\t\t\t\t\t\t\t\t<div class=\"elementor-button-wrapper\">\n\t\t\t\t\t<a class=\"elementor-button elementor-button-link elementor-size-sm\" href=\"https:\/\/majorkinella.ch\/es\/#concept\">\n\t\t\t\t\t\t<span class=\"elementor-button-content-wrapper\">\n\t\t\t\t\t\t\t\t\t<span class=\"elementor-button-text\">El concepto<\/span>\n\t\t\t\t\t<\/span>\n\t\t\t\t\t<\/a>\n\t\t\t\t<\/div>\n\t\t\t\t\t\t\t\t<\/div>\n\t\t\t\t<\/div>\n\t\t\t\t<div class=\"elementor-element elementor-element-434135c elementor-align-left sc_fly_static elementor-widget elementor-widget-button\" data-id=\"434135c\" data-element_type=\"widget\" data-e-type=\"widget\" data-widget_type=\"button.default\">\n\t\t\t\t<div class=\"elementor-widget-container\">\n\t\t\t\t\t\t\t\t\t<div class=\"elementor-button-wrapper\">\n\t\t\t\t\t<a class=\"elementor-button elementor-button-link elementor-size-sm\" href=\"https:\/\/majorkinella.ch\/es\/a-propos\/\">\n\t\t\t\t\t\t<span class=\"elementor-button-content-wrapper\">\n\t\t\t\t\t\t\t\t\t<span class=\"elementor-button-text\">fundadora<\/span>\n\t\t\t\t\t<\/span>\n\t\t\t\t\t<\/a>\n\t\t\t\t<\/div>\n\t\t\t\t\t\t\t\t<\/div>\n\t\t\t\t<\/div>\n\t\t\t\t<div class=\"elementor-element elementor-element-203ad96 elementor-align-left sc_fly_static elementor-widget elementor-widget-button\" data-id=\"203ad96\" data-element_type=\"widget\" data-e-type=\"widget\" data-widget_type=\"button.default\">\n\t\t\t\t<div class=\"elementor-widget-container\">\n\t\t\t\t\t\t\t\t\t<div class=\"elementor-button-wrapper\">\n\t\t\t\t\t<a class=\"elementor-button elementor-button-link elementor-size-sm\" href=\"https:\/\/majorkinella.ch\/es\/contact\/\">\n\t\t\t\t\t\t<span class=\"elementor-button-content-wrapper\">\n\t\t\t\t\t\t<span class=\"elementor-button-icon\">\n\t\t\t\t<svg aria-hidden=\"true\" class=\"e-font-icon-svg e-far-envelope\" viewbox=\"0 0 512 512\" xmlns=\"http:\/\/www.w3.org\/2000\/svg\"><path d=\"M464 64H48C21.49 64 0 85.49 0 112v288c0 26.51 21.49 48 48 48h416c26.51 0 48-21.49 48-48V112c0-26.51-21.49-48-48-48zm0 48v40.805c-22.422 18.259-58.168 46.651-134.587 106.49-16.841 13.247-50.201 45.072-73.413 44.701-23.208.375-56.579-31.459-73.413-44.701C106.18 199.465 70.425 171.067 48 152.805V112h416zM48 400V214.398c22.914 18.251 55.409 43.862 104.938 82.646 21.857 17.205 60.134 55.186 103.062 54.955 42.717.231 80.509-37.199 103.053-54.947 49.528-38.783 82.032-64.401 104.947-82.653V400H48z\"><\/path><\/svg>\t\t\t<\/span>\n\t\t\t\t\t\t\t\t\t<span class=\"elementor-button-text\">contacto<\/span>\n\t\t\t\t\t<\/span>\n\t\t\t\t\t<\/a>\n\t\t\t\t<\/div>\n\t\t\t\t\t\t\t\t<\/div>\n\t\t\t\t<\/div>\n\t\t\t\t<\/div>\n\t\t\t\t<\/div>","protected":false},"excerpt":{"rendered":"<p>Mentions legales Cette version prend effet \u00e0 compter du 08.08.2025 Personne de contact :Delphine Comte&hellip;<\/p>","protected":false},"author":1,"featured_media":0,"parent":0,"menu_order":0,"comment_status":"closed","ping_status":"closed","template":"elementor_canvas","meta":{"footnotes":""},"class_list":["post-1773","page","type-page","status-publish","hentry"],"_links":{"self":[{"href":"https:\/\/majorkinella.ch\/es\/wp-json\/wp\/v2\/pages\/1773","targetHints":{"allow":["GET"]}}],"collection":[{"href":"https:\/\/majorkinella.ch\/es\/wp-json\/wp\/v2\/pages"}],"about":[{"href":"https:\/\/majorkinella.ch\/es\/wp-json\/wp\/v2\/types\/page"}],"author":[{"embeddable":true,"href":"https:\/\/majorkinella.ch\/es\/wp-json\/wp\/v2\/users\/1"}],"replies":[{"embeddable":true,"href":"https:\/\/majorkinella.ch\/es\/wp-json\/wp\/v2\/comments?post=1773"}],"version-history":[{"count":38,"href":"https:\/\/majorkinella.ch\/es\/wp-json\/wp\/v2\/pages\/1773\/revisions"}],"predecessor-version":[{"id":2070,"href":"https:\/\/majorkinella.ch\/es\/wp-json\/wp\/v2\/pages\/1773\/revisions\/2070"}],"wp:attachment":[{"href":"https:\/\/majorkinella.ch\/es\/wp-json\/wp\/v2\/media?parent=1773"}],"curies":[{"name":"wp","href":"https:\/\/api.w.org\/{rel}","templated":true}]}}